{"id":4405,"date":"2020-11-19T23:45:05","date_gmt":"2020-11-19T22:45:05","guid":{"rendered":"https:\/\/akuryprodukte.veritas-data.de\/k-shipping-delivery\/"},"modified":"2023-01-25T10:13:15","modified_gmt":"2023-01-25T09:13:15","slug":"shipping-delivery","status":"publish","type":"page","link":"https:\/\/akuryprodukte.veritas-data.de\/en\/shipping-delivery\/","title":{"rendered":"Versand &amp; Lieferung, Zahlungsweisen"},"content":{"rendered":"<div class=\"ps_document\">\n<h1>shipping and delivery informationen<\/h1>\n<div class=\"document-part\">\n<h2>Zahlarten und Versandkosten<\/h2>\n<div class=\"section\">\n<h3>1. Lieferung<\/h3>\n<p class=\"subsection regular\"><span class=\"numbering\" width=\"0px\">1.1<\/span> Der Versand Ihrer Bestellung erfolgt \u00fcber DHL, UPS, TNT<\/p>\n<p class=\"subsection regular\"><span class=\"numbering\" width=\"0px\">1.2<\/span> Wir versenden in folgende L\u00e4nder: Deutschland, Albanien, Andorra, Australien, Belgien, Bosnien und Herzegowina, Bulgarien, Deutschland, D\u00e4nemark, Estland, Finnland, Frankreich, F\u00e4r\u00f6r, Georgien, Gibraltar, Griechenland, Hongkong, Irland, Island, Italien, Japan, Kanada, Kroatien, Lettland, Liechtenstein, Litauen, Luxemburg, Malta, Moldawien, Monaco, Montenegro, Montserrat, Neuseeland, Niederlande, Nordmazedonien, Norwegen, Polen, Portugal, Rum\u00e4nien, Russland, San Marino, Schweden, Schweiz, Serbien, Slowakei, Slowenien, Spanien, Svalbard und Jan Mayen, Tschechien, T\u00fcrkei, Ukraine, Ungarn, Vatikanstadt, Vereinigte Staaten von Amerika (USA), Vereinigtes Ko\u0308nigreich, Wei\u00dfrussland, Zypern, \u00d6sterreich<\/p>\n<\/div>\n<div class=\"section\">\n<h3>2. Versandkosten<\/h3>\n<p class=\"subsection regular\"><span class=\"numbering\" width=\"0px\">2.1<\/span> F\u00fcr den Versand innerhalb Deutschlands berechnen wir pauschal pro Bestellung 4,75 EUR Versandkosten.<\/p>\n<p class=\"subsection regular\"><span class=\"numbering\" width=\"0px\">2.2<\/span> F\u00fcr den Versand ins Ausland fallen pauschal pro Bestellung folgende Versandkosten an:<br \/>&#8211; nach Kanada, Vereinigte Staaten von Amerika (USA), Neuseeland, Japan und Hong Kong: pauschal 25,00 EUR pro Bestellung,<br \/>&#8211; nach Australien: pauschal 48,00 EUR pro Bestellung,<br \/>&#8211; in alle anderen L\u00e4nder: pauschal 8,50 EUR pro Bestellung.<\/p>\n<p class=\"subsection regular\"><span class=\"numbering\" width=\"0px\">2.3<\/span> Bei grenz\u00fcberschreitenden Lieferungen k\u00f6nnen weitere Steuern (etwa im Fall eines innergemeinschaftlichen Erwerbs) und\/oder Abgaben, etwa in Form von Z\u00f6llen anfallen. Diese sind von Ihnen zu tragen.<\/p>\n<\/div>\n<div class=\"section\">\n<h3>3. Zahlungsm\u00f6glichkeiten<\/h3>\n<p class=\"subsection regular\"><span class=\"numbering\" width=\"0px\">3.1<\/span> Sie k\u00f6nnen f\u00fcr Lieferungen innerhalb Deutschlands aus den folgenden Zahlungsm\u00f6glichkeiten ausw\u00e4hlen, wenn sich aus der jeweiligen Artikelbeschreibung nichts anderes ergibt:<\/p>\n<p class=\"subsection bullets\"><span class=\"bullet\" width=\"0px\">&#8211;<\/span> Vorauskasse per \u00dcberweisung<\/p>\n<p class=\"subsection bullets\"><span class=\"bullet\" width=\"0px\">&#8211;<\/span> Kreditkarte (Visa, Mastercard, American Express)<\/p>\n<p class=\"subsection bullets\"><span class=\"bullet\" width=\"0px\">&#8211;<\/span> Lieferung auf Rechnung<\/p>\n<p class=\"subsection regular\"><span class=\"numbering\" width=\"0px\">3.2<\/span> F\u00fcr Lieferungen ins Ausland bieten wir folgende Zahlungsm\u00f6glichkeiten<br \/>\nan, sofern sich aus der jeweiligen Artikelbeschreibung nichts<br \/>\nanderes ergibt: <\/p>\n<p class=\"subsection bullets\"><span class=\"bullet\" width=\"0px\">&#8211;<\/span> Vorkasse per \u00dcberweisung<\/p>\n<p class=\"subsection bullets\"><span class=\"bullet\" width=\"0px\">&#8211;<\/span> Kreditkarte (Visa, Mastercard, American Express)<\/p>\n<p class=\"subsection bullets\"><span class=\"bullet\" width=\"0px\">&#8211;<\/span> Lieferung auf Rechnung<\/p>\n<\/div>\n<\/div>\n<\/div>\n","protected":false},"excerpt":{"rendered":"<p>shipping and delivery informationen Zahlarten und Versandkosten 1. Lieferung 1.1 Der Versand Ihrer Bestellung erfolgt \u00fcber DHL, UPS, TNT 1.2 Wir versenden in folgende L\u00e4nder: Deutschland, Albanien, Andorra, Australien, Belgien, Bosnien und Herzegowina, Bulgarien, Deutschland, D\u00e4nemark, Estland, Finnland, Frankreich, F\u00e4r\u00f6r, Georgien, Gibraltar, Griechenland, Hongkong, Irland, Island, Italien, Japan, Kanada, Kroatien, Lettland, Liechtenstein, Litauen, Luxemburg, Malta, [&hellip;]<\/p>\n","protected":false},"author":1,"featured_media":0,"parent":0,"menu_order":0,"comment_status":"closed","ping_status":"closed","template":"","meta":{"footnotes":""},"class_list":["post-4405","page","type-page","status-publish","hentry"],"yoast_head":"<!-- This site is optimized with the Yoast SEO plugin v27.3 - https:\/\/yoast.com\/product\/yoast-seo-wordpress\/ -->\r\n<title>Versand &amp; Lieferung, Zahlungsweisen - akury<\/title>\r\n<meta name=\"robots\" content=\"noindex, follow, max-snippet:-1, max-image-preview:large, max-video-preview:-1\" \/>\r\n<meta property=\"og:locale\" content=\"en_US\" \/>\r\n<meta property=\"og:type\" content=\"article\" \/>\r\n<meta property=\"og:title\" content=\"Versand &amp; Lieferung, Zahlungsweisen - akury\" \/>\r\n<meta property=\"og:description\" content=\"shipping and delivery informationen Zahlarten und Versandkosten 1. Lieferung 1.1 Der Versand Ihrer Bestellung erfolgt \u00fcber DHL, UPS, TNT 1.2 Wir versenden in folgende L\u00e4nder: Deutschland, Albanien, Andorra, Australien, Belgien, Bosnien und Herzegowina, Bulgarien, Deutschland, D\u00e4nemark, Estland, Finnland, Frankreich, F\u00e4r\u00f6r, Georgien, Gibraltar, Griechenland, Hongkong, Irland, Island, Italien, Japan, Kanada, Kroatien, Lettland, Liechtenstein, Litauen, Luxemburg, Malta, [&hellip;]\" \/>\r\n<meta property=\"og:url\" content=\"https:\/\/akuryprodukte.veritas-data.de\/en\/shipping-delivery\/\" \/>\r\n<meta property=\"og:site_name\" content=\"akury\" \/>\r\n<meta property=\"article:publisher\" content=\"https:\/\/de-de.facebook.com\/bioenergetischesinformationsmanagement\/\" \/>\r\n<meta property=\"article:modified_time\" content=\"2023-01-25T09:13:15+00:00\" \/>\r\n<meta name=\"twitter:card\" content=\"summary_large_image\" \/>\r\n<meta name=\"twitter:site\" content=\"@heiko_wenner\" \/>\r\n<meta name=\"twitter:label1\" content=\"Est. reading time\" \/>\n\t<meta name=\"twitter:data1\" content=\"1 minute\" \/>\r\n<script type=\"application\/ld+json\" class=\"yoast-schema-graph\">{\"@context\":\"https:\\\/\\\/schema.org\",\"@graph\":[{\"@type\":\"WebPage\",\"@id\":\"https:\\\/\\\/akuryprodukte.veritas-data.de\\\/en\\\/shipping-delivery\\\/\",\"url\":\"https:\\\/\\\/akuryprodukte.veritas-data.de\\\/en\\\/shipping-delivery\\\/\",\"name\":\"Versand &amp; Lieferung, Zahlungsweisen - akury\",\"isPartOf\":{\"@id\":\"https:\\\/\\\/akuryprodukte.veritas-data.de\\\/en\\\/#website\"},\"datePublished\":\"2020-11-19T22:45:05+00:00\",\"dateModified\":\"2023-01-25T09:13:15+00:00\",\"breadcrumb\":{\"@id\":\"https:\\\/\\\/akuryprodukte.veritas-data.de\\\/en\\\/shipping-delivery\\\/#breadcrumb\"},\"inLanguage\":\"en-US\",\"potentialAction\":[{\"@type\":\"ReadAction\",\"target\":[\"https:\\\/\\\/akuryprodukte.veritas-data.de\\\/en\\\/shipping-delivery\\\/\"]}]},{\"@type\":\"BreadcrumbList\",\"@id\":\"https:\\\/\\\/akuryprodukte.veritas-data.de\\\/en\\\/shipping-delivery\\\/#breadcrumb\",\"itemListElement\":[{\"@type\":\"ListItem\",\"position\":1,\"name\":\"Startseite\",\"item\":\"https:\\\/\\\/akuryprodukte.veritas-data.de\\\/en\\\/\"},{\"@type\":\"ListItem\",\"position\":2,\"name\":\"Versand &amp; Lieferung, Zahlungsweisen\"}]},{\"@type\":\"WebSite\",\"@id\":\"https:\\\/\\\/akuryprodukte.veritas-data.de\\\/en\\\/#website\",\"url\":\"https:\\\/\\\/akuryprodukte.veritas-data.de\\\/en\\\/\",\"name\":\"akury\",\"description\":\"Produkte f\u00fcr Ihr Wohlbefinden\",\"publisher\":{\"@id\":\"https:\\\/\\\/akuryprodukte.veritas-data.de\\\/en\\\/#organization\"},\"potentialAction\":[{\"@type\":\"SearchAction\",\"target\":{\"@type\":\"EntryPoint\",\"urlTemplate\":\"https:\\\/\\\/akuryprodukte.veritas-data.de\\\/en\\\/?s={search_term_string}\"},\"query-input\":{\"@type\":\"PropertyValueSpecification\",\"valueRequired\":true,\"valueName\":\"search_term_string\"}}],\"inLanguage\":\"en-US\"},{\"@type\":\"Organization\",\"@id\":\"https:\\\/\\\/akuryprodukte.veritas-data.de\\\/en\\\/#organization\",\"name\":\"AkuRy GmbH\",\"url\":\"https:\\\/\\\/akuryprodukte.veritas-data.de\\\/en\\\/\",\"logo\":{\"@type\":\"ImageObject\",\"inLanguage\":\"en-US\",\"@id\":\"https:\\\/\\\/akuryprodukte.veritas-data.de\\\/en\\\/#\\\/schema\\\/logo\\\/image\\\/\",\"url\":\"https:\\\/\\\/akuryprodukte.veritas-data.de\\\/wp-content\\\/uploads\\\/2020\\\/09\\\/Logo_AKY-p-512.jpg\",\"contentUrl\":\"https:\\\/\\\/akuryprodukte.veritas-data.de\\\/wp-content\\\/uploads\\\/2020\\\/09\\\/Logo_AKY-p-512.jpg\",\"width\":512,\"height\":512,\"caption\":\"AkuRy GmbH\"},\"image\":{\"@id\":\"https:\\\/\\\/akuryprodukte.veritas-data.de\\\/en\\\/#\\\/schema\\\/logo\\\/image\\\/\"},\"sameAs\":[\"https:\\\/\\\/de-de.facebook.com\\\/bioenergetischesinformationsmanagement\\\/\",\"https:\\\/\\\/x.com\\\/heiko_wenner\",\"https:\\\/\\\/www.instagram.com\\\/akury_gmbh\\\/\",\"https:\\\/\\\/www.youtube.com\\\/channel\\\/UCyItRPbJUon1m0Gq6kV2Izw\"]}]}<\/script>\r\n<!-- \/ Yoast SEO plugin. -->","yoast_head_json":{"title":"Versand &amp; Lieferung, Zahlungsweisen - akury","robots":{"index":"noindex","follow":"follow","max-snippet":"max-snippet:-1","max-image-preview":"max-image-preview:large","max-video-preview":"max-video-preview:-1"},"og_locale":"en_US","og_type":"article","og_title":"Versand &amp; Lieferung, Zahlungsweisen - akury","og_description":"shipping and delivery informationen Zahlarten und Versandkosten 1. Lieferung 1.1 Der Versand Ihrer Bestellung erfolgt \u00fcber DHL, UPS, TNT 1.2 Wir versenden in folgende L\u00e4nder: Deutschland, Albanien, Andorra, Australien, Belgien, Bosnien und Herzegowina, Bulgarien, Deutschland, D\u00e4nemark, Estland, Finnland, Frankreich, F\u00e4r\u00f6r, Georgien, Gibraltar, Griechenland, Hongkong, Irland, Island, Italien, Japan, Kanada, Kroatien, Lettland, Liechtenstein, Litauen, Luxemburg, Malta, [&hellip;]","og_url":"https:\/\/akuryprodukte.veritas-data.de\/en\/shipping-delivery\/","og_site_name":"akury","article_publisher":"https:\/\/de-de.facebook.com\/bioenergetischesinformationsmanagement\/","article_modified_time":"2023-01-25T09:13:15+00:00","twitter_card":"summary_large_image","twitter_site":"@heiko_wenner","twitter_misc":{"Est. reading time":"1 minute"},"schema":{"@context":"https:\/\/schema.org","@graph":[{"@type":"WebPage","@id":"https:\/\/akuryprodukte.veritas-data.de\/en\/shipping-delivery\/","url":"https:\/\/akuryprodukte.veritas-data.de\/en\/shipping-delivery\/","name":"Versand &amp; Lieferung, Zahlungsweisen - akury","isPartOf":{"@id":"https:\/\/akuryprodukte.veritas-data.de\/en\/#website"},"datePublished":"2020-11-19T22:45:05+00:00","dateModified":"2023-01-25T09:13:15+00:00","breadcrumb":{"@id":"https:\/\/akuryprodukte.veritas-data.de\/en\/shipping-delivery\/#breadcrumb"},"inLanguage":"en-US","potentialAction":[{"@type":"ReadAction","target":["https:\/\/akuryprodukte.veritas-data.de\/en\/shipping-delivery\/"]}]},{"@type":"BreadcrumbList","@id":"https:\/\/akuryprodukte.veritas-data.de\/en\/shipping-delivery\/#breadcrumb","itemListElement":[{"@type":"ListItem","position":1,"name":"Startseite","item":"https:\/\/akuryprodukte.veritas-data.de\/en\/"},{"@type":"ListItem","position":2,"name":"Versand &amp; Lieferung, Zahlungsweisen"}]},{"@type":"WebSite","@id":"https:\/\/akuryprodukte.veritas-data.de\/en\/#website","url":"https:\/\/akuryprodukte.veritas-data.de\/en\/","name":"akury","description":"Produkte f\u00fcr Ihr Wohlbefinden","publisher":{"@id":"https:\/\/akuryprodukte.veritas-data.de\/en\/#organization"},"potentialAction":[{"@type":"SearchAction","target":{"@type":"EntryPoint","urlTemplate":"https:\/\/akuryprodukte.veritas-data.de\/en\/?s={search_term_string}"},"query-input":{"@type":"PropertyValueSpecification","valueRequired":true,"valueName":"search_term_string"}}],"inLanguage":"en-US"},{"@type":"Organization","@id":"https:\/\/akuryprodukte.veritas-data.de\/en\/#organization","name":"AkuRy GmbH","url":"https:\/\/akuryprodukte.veritas-data.de\/en\/","logo":{"@type":"ImageObject","inLanguage":"en-US","@id":"https:\/\/akuryprodukte.veritas-data.de\/en\/#\/schema\/logo\/image\/","url":"https:\/\/akuryprodukte.veritas-data.de\/wp-content\/uploads\/2020\/09\/Logo_AKY-p-512.jpg","contentUrl":"https:\/\/akuryprodukte.veritas-data.de\/wp-content\/uploads\/2020\/09\/Logo_AKY-p-512.jpg","width":512,"height":512,"caption":"AkuRy GmbH"},"image":{"@id":"https:\/\/akuryprodukte.veritas-data.de\/en\/#\/schema\/logo\/image\/"},"sameAs":["https:\/\/de-de.facebook.com\/bioenergetischesinformationsmanagement\/","https:\/\/x.com\/heiko_wenner","https:\/\/www.instagram.com\/akury_gmbh\/","https:\/\/www.youtube.com\/channel\/UCyItRPbJUon1m0Gq6kV2Izw"]}]}},"_links":{"self":[{"href":"https:\/\/akuryprodukte.veritas-data.de\/en\/wp-json\/wp\/v2\/pages\/4405","targetHints":{"allow":["GET"]}}],"collection":[{"href":"https:\/\/akuryprodukte.veritas-data.de\/en\/wp-json\/wp\/v2\/pages"}],"about":[{"href":"https:\/\/akuryprodukte.veritas-data.de\/en\/wp-json\/wp\/v2\/types\/page"}],"author":[{"embeddable":true,"href":"https:\/\/akuryprodukte.veritas-data.de\/en\/wp-json\/wp\/v2\/users\/1"}],"replies":[{"embeddable":true,"href":"https:\/\/akuryprodukte.veritas-data.de\/en\/wp-json\/wp\/v2\/comments?post=4405"}],"version-history":[{"count":3,"href":"https:\/\/akuryprodukte.veritas-data.de\/en\/wp-json\/wp\/v2\/pages\/4405\/revisions"}],"predecessor-version":[{"id":14644,"href":"https:\/\/akuryprodukte.veritas-data.de\/en\/wp-json\/wp\/v2\/pages\/4405\/revisions\/14644"}],"wp:attachment":[{"href":"https:\/\/akuryprodukte.veritas-data.de\/en\/wp-json\/wp\/v2\/media?parent=4405"}],"curies":[{"name":"wp","href":"https:\/\/api.w.org\/{rel}","templated":true}]}}