{"id":4412,"date":"2020-11-20T00:03:55","date_gmt":"2020-11-19T23:03:55","guid":{"rendered":"https:\/\/akuryprodukte.veritas-data.de\/k-general-terms-and-conditions\/"},"modified":"2023-01-25T10:15:19","modified_gmt":"2023-01-25T09:15:19","slug":"general-terms-and-conditions","status":"publish","type":"page","link":"https:\/\/akuryprodukte.veritas-data.de\/en\/general-terms-and-conditions\/","title":{"rendered":"Allgemeine Gesch\u00e4ftsbedingungen"},"content":{"rendered":"<div class=\"ps_document\">\n<h1>General terms and conditions with customer information<\/h1>\n<div class=\"table-of-contents\">\n<div class=\"table-of-contents-level-down\">\n<div class=\"section-toc\"><span>1. Geltungsbereich<\/span>\n<\/div>\n<div class=\"section-toc\"><span>2. Vertragsschluss<\/span>\n<\/div>\n<div class=\"section-toc\"><span>3. Preise und Zahlungsbedingungen<\/span>\n<\/div>\n<div class=\"section-toc\"><span>4. Liefer- und Versandbedingungen<\/span>\n<\/div>\n<div class=\"section-toc\"><span>5. Widerrufsrecht<\/span>\n<\/div>\n<div class=\"section-toc\"><span>6. Eigentumsvorbehalt<\/span>\n<\/div>\n<div class=\"section-toc\"><span>7. M\u00e4ngelhaftung<\/span>\n<\/div>\n<div class=\"section-toc\"><span>8. Anwendbares Recht<\/span>\n<\/div>\n<div class=\"section-toc\"><span>9. Gerichtsstand<\/span>\n<\/div>\n<div class=\"section-toc\"><span>10. Informationen zur Online-Streitbeilegung<\/span>\n<\/div>\n<\/div>\n<\/div>\n<div class=\"document-part\">\n<div class=\"section\">\n<h3>1. Geltungsbereich<\/h3>\n<p class=\"subsection regular\"><span class=\"numbering\" width=\"0px\">1.1<\/span> Diese Allgemeinen Gesch\u00e4ftsbedingungen (nachfolgend &#8220;AGB&#8221; genannt) der &#8220;akury GmbH&#8221; (nachfolgend &#8220;Verk\u00e4ufer&#8221; genannt), gelten f\u00fcr s\u00e4mtliche Vertr\u00e4ge, die ein Verbraucher oder Unternehmer (nachfolgend &#8220;Kunde&#8221; genannt) mit dem Verk\u00e4ufer \u00fcber die vom Verk\u00e4ufer in seinem Online-Shop angebotenen Waren abschlie\u00dft. Der Einbeziehung von eigenen Bedingungen des Kunden wird widersprochen, es sei denn, es ist etwas anderes vereinbart.<\/p>\n<p class=\"subsection regular\"><span class=\"numbering\" width=\"0px\">1.2<\/span> Verbraucher ist jede nat\u00fcrliche Person, die ein Rechtsgesch\u00e4ft zu einem Zweck abschlie\u00dft, der \u00fcberwiegend weder ihrer gewerblichen noch ihrer selbst\u00e4ndigen beruflichen T\u00e4tigkeit zugerechnet werden kann.<\/p>\n<p class=\"subsection regular\"><span class=\"numbering\" width=\"0px\">1.3<\/span> Unternehmer ist eine nat\u00fcrliche oder juristische Person oder eine rechtsf\u00e4hige Personengesellschaft, die bei Abschluss eines Rechtsgesch\u00e4fts in Aus\u00fcbung ihrer gewerblichen oder selbst\u00e4ndigen beruflichen T\u00e4tigkeit handelt.<\/p>\n<\/div>\n<div class=\"section\">\n<h3>2. Vertragsschluss<\/h3>\n<p class=\"subsection regular\"><span class=\"numbering\" width=\"0px\">2.1<\/span> Die Pr\u00e4sentation der Waren insbesondere im Onlineshop stellt noch kein bindendes Angebot des Verk\u00e4ufers dar.<\/p>\n<p class=\"subsection regular\"><span class=\"numbering\" width=\"0px\">2.2<\/span> Zun\u00e4chst legt der Kunde die ausgew\u00e4hlte Ware in den Warenkorb. Im anschlie\u00dfenden Schritt beginnt der Bestellvorgang, in welchem alle erforderlichen Daten zur Auftragsabwicklung erfasst werden.<\/p>\n<p>Am Ende des Bestellvorgangs erscheint eine Zusammenfassung der Bestell- und Vertragsdaten. Erst nach Best\u00e4tigung dieser Bestell- und Vertragsdaten durch Klick auf den den Bestellvorgang abschlie\u00dfenden Button gibt der Kunde ein verbindliches Angebot \u00fcber den Kauf der im Warenkorb enthaltenen Waren ab.<\/p>\n<p>Der Kunde kann dieses Angebot auch per Fax, Email, postalisch oder telefonisch gegen\u00fcber dem Verk\u00e4ufer abgeben.<\/p>\n<p class=\"subsection regular\"><span class=\"numbering\" width=\"0px\">2.3<\/span> Der Verk\u00e4ufer nimmt das Angebot des Kunden durch folgende m\u00f6gliche Alternativen an:<\/p>\n<p>&#8211; \u00dcbersendung einer schriftlichen Auftragsbest\u00e4tigung oder einer Auftragsbest\u00e4tigung in Textform (Fax oder E-Mail) <br \/>oder<br \/>&#8211; Aufforderung zur Zahlung an den Kunden nach Abgabe der Bestellung <br \/>oder<br \/>&#8211; Lieferung der bestellten Ware <\/p>\n<p>Ma\u00dfgeblich f\u00fcr den Zeitpunkt der Annahme ist die erste eingetretene Alternative. <\/p>\n<p>Die Frist zur Annahme des Angebots beginnt am Tag nach der Absendung des Angebots durch den Kunden und endet mit dem Ablauf des f\u00fcnften Tages, der auf die Absendung des Angebots folgt. Nimmt der Verk\u00e4ufer das Angebot des Kunden innerhalb der vorgenannten Frist nicht an, stellt dies die Ablehnung des Angebots dar. Der Kunde ist dann nicht mehr an seine Willenserkl\u00e4rung gebunden.<\/p>\n<p class=\"subsection regular\"><span class=\"numbering\" width=\"0px\">2.4<\/span> Der Vertragstext des jeweils zwischen dem Verk\u00e4ufer und dem Kunden geschlossenen Vertrages wird durch den Verk\u00e4ufer gespeichert. Der Vertragstext wird auf den internen Systemen des Verk\u00e4ufers gespeichert. Die Allgemeinen Gesch\u00e4ftsbedingungen kann der Kunde jederzeit auf dieser Seite einsehen. Die Bestelldaten, die Widerrufsbelehrung sowie die AGB werden dem Kunden per Email zugesendet. Nach Abschluss der Bestellung ist der Vertragstext dem Kunden \u00fcber dessen Kundenlogin kostenlos zug\u00e4nglich, sofern dieser ein Kundenkonto er\u00f6ffnet hat. <\/p>\n<p class=\"subsection regular\"><span class=\"numbering\" width=\"0px\">2.5<\/span> Alle get\u00e4tigten Eingaben werden vor Anklicken des Bestellbuttons angezeigt und k\u00f6nnen durch den Kunden vor Absendung der Bestellung eingesehen und durch Bet\u00e4tigung des Zur\u00fcck-Buttons des Browsers oder die \u00fcblichen Maus- und Tastaturfunktionen korrigiert werden. Daneben stehen dem Kunden, sofern verf\u00fcgbar, Buttons zur Korrektur zur Verf\u00fcgung, die entsprechend beschriftet sind. <\/p>\n<p class=\"subsection regular\"><span class=\"numbering\" width=\"0px\">2.6<\/span> Die Vertragssprache ist Deutsch.<\/p>\n<p class=\"subsection regular\"><span class=\"numbering\" width=\"0px\">2.7<\/span>Es obliegt dem Kunden, eine korrekte Emailadresse zur Kontaktaufnahme und Abwicklung der Bestellung anzugeben, sowie die Filterfunktionen so einzustellen, dass Emails, die diese Bestellung betreffen, zugestellt werden k\u00f6nnen. <\/p>\n<\/div>\n<div class=\"section\">\n<h3>3. Preise und Zahlungsbedingungen<\/h3>\n<p class=\"subsection regular\"><span class=\"numbering\" width=\"0px\">3.1<\/span> Die angezeigten Preise sind Endpreise inklusive der gesetzlichen Umsatzsteuer, wenn nichts anderes vereinbart ist.<br \/>Sofern zus\u00e4tzliche Versandkosten anfallen, ist dies der Produktbeschreibung zu entnehmen.<\/p>\n<p class=\"subsection regular\"><span class=\"numbering\" width=\"0px\">3.2<\/span> Sofern die Lieferung in das Nicht-EU-Ausland erfolgt, k\u00f6nnen weitere Z\u00f6lle, Steuern oder Geb\u00fchren vom Kunden an die dort zust\u00e4ndigen Zoll- bzw. Steuerbeh\u00f6rden oder an Kreditinstitute zu zahlen sein.<br \/>Dem Kunden wird empfohlen, die Einzelheiten vor der Bestellung bei den jeweiligen Einrichtungen oder Beh\u00f6rden zu erfragen.<\/p>\n<p class=\"subsection regular\"><span class=\"numbering\" width=\"0px\">3.3<\/span> Der Kunde kann die Zahlungsarten ausw\u00e4hlen, die im Onlineshop zur Verf\u00fcgung stehen.<\/p>\n<p class=\"subsection regular\"><span class=\"numbering\" width=\"0px\">3.4<\/span> Bei Vorkasse per Bank\u00fcberweisung ist die Zahlung, wenn nichts anderes vereinbart ist, unmittelbar nach Vertragsschluss f\u00e4llig.<\/p>\n<p class=\"subsection regular\"><span class=\"numbering\" width=\"0px\">3.5<\/span> Bei der Zahlung auf Rechnung wird der Kaufpreis nach Lieferung der Ware und Rechnungsstellung f\u00e4llig. Der Kaufpreis ist binnen 15 Tagen ab Erhalt der Rechnung zu zahlen.<br \/>Der Verk\u00e4ufer beh\u00e4lt sich vor, eine Bonit\u00e4tspr\u00fcfung durchzuf\u00fchren und den Rechnungskauf bei negativer Bonit\u00e4tspr\u00fcfung abzulehnen. Andere Zahlungsarten bleiben dem K\u00e4ufer unbenommen.<\/p>\n<\/div>\n<div class=\"section\">\n<h3>4. Liefer- und Versandbedingungen<\/h3>\n<p class=\"subsection regular\"><span class=\"numbering\" width=\"0px\">4.1<\/span> Die Lieferung von Waren auf dem Versandweg erfolgt an die vom Kunden angegebene Lieferanschrift. <\/p>\n<p class=\"subsection regular\"><span class=\"numbering\" width=\"0px\">4.2<\/span> Entstehen dem Verk\u00e4ufer aufgrund der Angabe einer falschen Lieferadresse oder eines falschen Adressaten oder anderer Umst\u00e4nde die zur Unm\u00f6glichkeit der Zustellung f\u00fchren, zus\u00e4tzliche Kosten, so sind diese von dem Kunden zu ersetzen, au\u00dfer er hat die Falschangabe oder Unm\u00f6glichkeit nicht zu vertreten. Gleiches gilt f\u00fcr den Fall, dass der Kunde vor\u00fcbergehend an der Annahme der Leistung verhindert war, es sei denn, der Verk\u00e4ufer hat ihm die Leistung vorher angemessen angek\u00fcndigt. Ausgenommen von dieser Regelung sind die Kosten der Hinsendung, wenn der Kunde sein Widerrufsrecht wirksam ausge\u00fcbt hat. Hier verbleibt es bei der gesetzlichen oder der durch den Verk\u00e4ufer getroffenen Regelung.<\/p>\n<p class=\"subsection regular\"><span class=\"numbering\" width=\"0px\">4.3<\/span> Die Selbstabholung wird nicht angeboten.<\/p>\n<\/div>\n<div class=\"section\">\n<h3>5. Widerrufsrecht<\/h3>\n<p class=\"subsection regular\"><span class=\"numbering\" width=\"0px\">5.1<\/span> Ist der Kunde Verbraucher, steht ihm grunds\u00e4tzlich ein Widerrufsrecht zu. <\/p>\n<p class=\"subsection regular\"><span class=\"numbering\" width=\"0px\">5.2<\/span> F\u00fcr das Widerrufsrecht gilt die Widerrufsbelehrung des Verk\u00e4ufers.<\/p>\n<p class=\"subsection regular\"><span class=\"numbering\" width=\"0px\">5.3<\/span> Verbrauchern, die zum Zeitpunkt des Vertragsschlusses keinem Mitgliedstaat der Europ\u00e4ischen Union angeh\u00f6ren und deren alleiniger Wohnsitz und Lieferadresse zum Zeitpunkt des Vertragsschlusses au\u00dferhalb der Europ\u00e4ischen Union liegen, steht kein Widerrufsrecht zu.<\/p>\n<\/div>\n<div class=\"section\">\n<h3>6. Eigentumsvorbehalt<\/h3>\n<p class=\"subsection regular\"> Sofern der Verk\u00e4ufer in Vorleistung tritt, bleibt die Ware bis zur vollst\u00e4ndigen Begleichung des Kaufpreises im Eigentum des Verk\u00e4ufers.<\/p>\n<\/div>\n<div class=\"section\">\n<h3>7. M\u00e4ngelhaftung<\/h3>\n<p class=\"subsection regular\"><span class=\"numbering\" width=\"0px\">7.1<\/span> Hinsichtlich der Gew\u00e4hrleistung gelten die Vorschriften der gesetzlichen M\u00e4ngelhaftung, soweit nichts Abweichendes vereinbart worden ist.<\/p>\n<p class=\"subsection regular\"><span class=\"numbering\" width=\"0px\">7.2<\/span> Der Kunde wird gebeten, angelieferte Waren mit offensichtlichen Transportsch\u00e4den bei dem Zusteller zu reklamieren und den Verk\u00e4ufer hiervon in Kenntnis zu setzen. Die Nichtbefolgung hat keinerlei Auswirkungen auf die gesetzlichen oder vertraglichen M\u00e4ngelanspr\u00fcche des Kunden.<\/p>\n<\/div>\n<div class=\"section\">\n<h3>8. Anwendbares Recht<\/h3>\n<p class=\"subsection regular\"><span class=\"numbering\" width=\"0px\">8.1<\/span> Es gilt das Recht der Bundesrepublik Deutschland unter Ausschluss der Gesetze \u00fcber den internationalen Kauf beweglicher Waren. <br \/>Die gesetzlichen Vorschriften zur Beschr\u00e4nkung der Rechtswahl und zur Anwendbarkeit zwingender Vorschriften insbesondere des Staates, in dem der Kunde als Verbraucher seinen gew\u00f6hnlichen Aufenthalt hat, bleiben unber\u00fchrt.<\/p>\n<p class=\"subsection regular\"><span class=\"numbering\" width=\"0px\">8.2<\/span> Diese hier getroffene Rechtswahl gilt nicht im Hinblick auf das gesetzliche Widerrufsrecht bei Verbrauchern, wenn diese zum Zeitpunkt des Vertragsschlusses keinem Mitgliedstaat der Europ\u00e4ischen Union angeh\u00f6ren und deren alleiniger Wohnsitz und Lieferadresse zum Zeitpunkt des Vertragsschlusses au\u00dferhalb der Europ\u00e4ischen Union liegen. <\/p>\n<\/div>\n<div class=\"section\">\n<h3>9. Gerichtsstand<\/h3>\n<p class=\"subsection regular\"> Sofern der Kunde Kaufmann ist, eine juristische Person des \u00f6ffentlichen Rechts oder \u00f6ffentlich-rechtliches Sonderverm\u00f6gen mit Sitz im Hoheitsgebiet der Bundesrepublik Deutschland, ist der ausschlie\u00dfliche Gerichtsstand f\u00fcr alle Streitigkeiten aus diesem Vertrag der Gesch\u00e4ftssitz des Verk\u00e4ufers. <br \/>Sofern der Kunde seinen Sitz au\u00dferhalb des Hoheitsgebiets der Bundesrepublik Deutschland hat, ist der Gesch\u00e4ftssitz des Verk\u00e4ufers der ausschlie\u00dfliche Gerichtsstand f\u00fcr alle Streitigkeiten aus diesem Vertrag, wenn dieser Vertrag oder Anspr\u00fcche aus diesem Vertrag der beruflichen oder gewerblichen T\u00e4tigkeit des Kunden zugerechnet werden k\u00f6nnen. <br \/>Dennoch ist der Verk\u00e4ufer ist in den vorgenannten F\u00e4llen auch berechtigt, das Gericht am Sitz des Kunden anzurufen.<\/p>\n<\/div>\n<div class=\"section\">\n<h3>10. Informationen zur Online-Streitbeilegung<\/h3>\n<p class=\"subsection regular\"> Die Plattform zur Online-Streitbeilegung der EU-Kommission ist im Internet unter folgendem Link aufrufbar: <a href=\"https:\/\/ec.europa.eu\/odr\" target=\"_blank\" rel=\"noopener\">https:\/\/ec.europa.eu\/odr<\/a><\/p>\n<p class=\"subsection regular\"> Wir sind zur Teilnahme an einem Streitbeilegungsverfahren vor einer Verbraucherschlichtungsstelle zwar nicht verpflichtet, hierzu jedoch grunds\u00e4tzlich bereit.<\/p>\n<\/div>\n<\/div>\n<\/div>\n","protected":false},"excerpt":{"rendered":"<p>General terms and conditions with customer information 1. Geltungsbereich 2. Vertragsschluss 3. Preise und Zahlungsbedingungen 4. Liefer- und Versandbedingungen 5. Widerrufsrecht 6. Eigentumsvorbehalt 7. M\u00e4ngelhaftung 8. Anwendbares Recht 9. Gerichtsstand 10. Informationen zur Online-Streitbeilegung 1. Geltungsbereich 1.1 Diese Allgemeinen Gesch\u00e4ftsbedingungen (nachfolgend &#8220;AGB&#8221; genannt) der &#8220;akury GmbH&#8221; (nachfolgend &#8220;Verk\u00e4ufer&#8221; genannt), gelten f\u00fcr s\u00e4mtliche Vertr\u00e4ge, die ein [&hellip;]<\/p>\n","protected":false},"author":1,"featured_media":0,"parent":0,"menu_order":0,"comment_status":"closed","ping_status":"closed","template":"","meta":{"footnotes":""},"class_list":["post-4412","page","type-page","status-publish","hentry"],"yoast_head":"<!-- This site is optimized with the Yoast SEO plugin v27.3 - https:\/\/yoast.com\/product\/yoast-seo-wordpress\/ -->\r\n<title>Allgemeine Gesch\u00e4ftsbedingungen - akury<\/title>\r\n<meta name=\"robots\" content=\"noindex, follow, max-snippet:-1, max-image-preview:large, max-video-preview:-1\" \/>\r\n<meta property=\"og:locale\" content=\"en_US\" \/>\r\n<meta property=\"og:type\" content=\"article\" \/>\r\n<meta property=\"og:title\" content=\"Allgemeine Gesch\u00e4ftsbedingungen - akury\" \/>\r\n<meta property=\"og:description\" content=\"General terms and conditions with customer information 1. Geltungsbereich 2. Vertragsschluss 3. Preise und Zahlungsbedingungen 4. Liefer- und Versandbedingungen 5. Widerrufsrecht 6. Eigentumsvorbehalt 7. M\u00e4ngelhaftung 8. Anwendbares Recht 9. Gerichtsstand 10. Informationen zur Online-Streitbeilegung 1. Geltungsbereich 1.1 Diese Allgemeinen Gesch\u00e4ftsbedingungen (nachfolgend &#8220;AGB&#8221; genannt) der &#8220;akury GmbH&#8221; (nachfolgend &#8220;Verk\u00e4ufer&#8221; genannt), gelten f\u00fcr s\u00e4mtliche Vertr\u00e4ge, die ein [&hellip;]\" \/>\r\n<meta property=\"og:url\" content=\"https:\/\/akuryprodukte.veritas-data.de\/en\/general-terms-and-conditions\/\" \/>\r\n<meta property=\"og:site_name\" content=\"akury\" \/>\r\n<meta property=\"article:publisher\" content=\"https:\/\/de-de.facebook.com\/bioenergetischesinformationsmanagement\/\" \/>\r\n<meta property=\"article:modified_time\" content=\"2023-01-25T09:15:19+00:00\" \/>\r\n<meta name=\"twitter:card\" content=\"summary_large_image\" \/>\r\n<meta name=\"twitter:site\" content=\"@heiko_wenner\" \/>\r\n<meta name=\"twitter:label1\" content=\"Est. reading time\" \/>\n\t<meta name=\"twitter:data1\" content=\"6 minutes\" \/>\r\n<script type=\"application\/ld+json\" class=\"yoast-schema-graph\">{\"@context\":\"https:\\\/\\\/schema.org\",\"@graph\":[{\"@type\":\"WebPage\",\"@id\":\"https:\\\/\\\/akuryprodukte.veritas-data.de\\\/en\\\/general-terms-and-conditions\\\/\",\"url\":\"https:\\\/\\\/akuryprodukte.veritas-data.de\\\/en\\\/general-terms-and-conditions\\\/\",\"name\":\"Allgemeine Gesch\u00e4ftsbedingungen - akury\",\"isPartOf\":{\"@id\":\"https:\\\/\\\/akuryprodukte.veritas-data.de\\\/en\\\/#website\"},\"datePublished\":\"2020-11-19T23:03:55+00:00\",\"dateModified\":\"2023-01-25T09:15:19+00:00\",\"breadcrumb\":{\"@id\":\"https:\\\/\\\/akuryprodukte.veritas-data.de\\\/en\\\/general-terms-and-conditions\\\/#breadcrumb\"},\"inLanguage\":\"en-US\",\"potentialAction\":[{\"@type\":\"ReadAction\",\"target\":[\"https:\\\/\\\/akuryprodukte.veritas-data.de\\\/en\\\/general-terms-and-conditions\\\/\"]}]},{\"@type\":\"BreadcrumbList\",\"@id\":\"https:\\\/\\\/akuryprodukte.veritas-data.de\\\/en\\\/general-terms-and-conditions\\\/#breadcrumb\",\"itemListElement\":[{\"@type\":\"ListItem\",\"position\":1,\"name\":\"Startseite\",\"item\":\"https:\\\/\\\/akuryprodukte.veritas-data.de\\\/en\\\/\"},{\"@type\":\"ListItem\",\"position\":2,\"name\":\"Allgemeine Gesch\u00e4ftsbedingungen\"}]},{\"@type\":\"WebSite\",\"@id\":\"https:\\\/\\\/akuryprodukte.veritas-data.de\\\/en\\\/#website\",\"url\":\"https:\\\/\\\/akuryprodukte.veritas-data.de\\\/en\\\/\",\"name\":\"akury\",\"description\":\"Produkte f\u00fcr Ihr Wohlbefinden\",\"publisher\":{\"@id\":\"https:\\\/\\\/akuryprodukte.veritas-data.de\\\/en\\\/#organization\"},\"potentialAction\":[{\"@type\":\"SearchAction\",\"target\":{\"@type\":\"EntryPoint\",\"urlTemplate\":\"https:\\\/\\\/akuryprodukte.veritas-data.de\\\/en\\\/?s={search_term_string}\"},\"query-input\":{\"@type\":\"PropertyValueSpecification\",\"valueRequired\":true,\"valueName\":\"search_term_string\"}}],\"inLanguage\":\"en-US\"},{\"@type\":\"Organization\",\"@id\":\"https:\\\/\\\/akuryprodukte.veritas-data.de\\\/en\\\/#organization\",\"name\":\"AkuRy GmbH\",\"url\":\"https:\\\/\\\/akuryprodukte.veritas-data.de\\\/en\\\/\",\"logo\":{\"@type\":\"ImageObject\",\"inLanguage\":\"en-US\",\"@id\":\"https:\\\/\\\/akuryprodukte.veritas-data.de\\\/en\\\/#\\\/schema\\\/logo\\\/image\\\/\",\"url\":\"https:\\\/\\\/akuryprodukte.veritas-data.de\\\/wp-content\\\/uploads\\\/2020\\\/09\\\/Logo_AKY-p-512.jpg\",\"contentUrl\":\"https:\\\/\\\/akuryprodukte.veritas-data.de\\\/wp-content\\\/uploads\\\/2020\\\/09\\\/Logo_AKY-p-512.jpg\",\"width\":512,\"height\":512,\"caption\":\"AkuRy GmbH\"},\"image\":{\"@id\":\"https:\\\/\\\/akuryprodukte.veritas-data.de\\\/en\\\/#\\\/schema\\\/logo\\\/image\\\/\"},\"sameAs\":[\"https:\\\/\\\/de-de.facebook.com\\\/bioenergetischesinformationsmanagement\\\/\",\"https:\\\/\\\/x.com\\\/heiko_wenner\",\"https:\\\/\\\/www.instagram.com\\\/akury_gmbh\\\/\",\"https:\\\/\\\/www.youtube.com\\\/channel\\\/UCyItRPbJUon1m0Gq6kV2Izw\"]}]}<\/script>\r\n<!-- \/ Yoast SEO plugin. -->","yoast_head_json":{"title":"Allgemeine Gesch\u00e4ftsbedingungen - akury","robots":{"index":"noindex","follow":"follow","max-snippet":"max-snippet:-1","max-image-preview":"max-image-preview:large","max-video-preview":"max-video-preview:-1"},"og_locale":"en_US","og_type":"article","og_title":"Allgemeine Gesch\u00e4ftsbedingungen - akury","og_description":"General terms and conditions with customer information 1. Geltungsbereich 2. Vertragsschluss 3. Preise und Zahlungsbedingungen 4. Liefer- und Versandbedingungen 5. Widerrufsrecht 6. Eigentumsvorbehalt 7. M\u00e4ngelhaftung 8. Anwendbares Recht 9. Gerichtsstand 10. Informationen zur Online-Streitbeilegung 1. Geltungsbereich 1.1 Diese Allgemeinen Gesch\u00e4ftsbedingungen (nachfolgend &#8220;AGB&#8221; genannt) der &#8220;akury GmbH&#8221; (nachfolgend &#8220;Verk\u00e4ufer&#8221; genannt), gelten f\u00fcr s\u00e4mtliche Vertr\u00e4ge, die ein [&hellip;]","og_url":"https:\/\/akuryprodukte.veritas-data.de\/en\/general-terms-and-conditions\/","og_site_name":"akury","article_publisher":"https:\/\/de-de.facebook.com\/bioenergetischesinformationsmanagement\/","article_modified_time":"2023-01-25T09:15:19+00:00","twitter_card":"summary_large_image","twitter_site":"@heiko_wenner","twitter_misc":{"Est. reading time":"6 minutes"},"schema":{"@context":"https:\/\/schema.org","@graph":[{"@type":"WebPage","@id":"https:\/\/akuryprodukte.veritas-data.de\/en\/general-terms-and-conditions\/","url":"https:\/\/akuryprodukte.veritas-data.de\/en\/general-terms-and-conditions\/","name":"Allgemeine Gesch\u00e4ftsbedingungen - akury","isPartOf":{"@id":"https:\/\/akuryprodukte.veritas-data.de\/en\/#website"},"datePublished":"2020-11-19T23:03:55+00:00","dateModified":"2023-01-25T09:15:19+00:00","breadcrumb":{"@id":"https:\/\/akuryprodukte.veritas-data.de\/en\/general-terms-and-conditions\/#breadcrumb"},"inLanguage":"en-US","potentialAction":[{"@type":"ReadAction","target":["https:\/\/akuryprodukte.veritas-data.de\/en\/general-terms-and-conditions\/"]}]},{"@type":"BreadcrumbList","@id":"https:\/\/akuryprodukte.veritas-data.de\/en\/general-terms-and-conditions\/#breadcrumb","itemListElement":[{"@type":"ListItem","position":1,"name":"Startseite","item":"https:\/\/akuryprodukte.veritas-data.de\/en\/"},{"@type":"ListItem","position":2,"name":"Allgemeine Gesch\u00e4ftsbedingungen"}]},{"@type":"WebSite","@id":"https:\/\/akuryprodukte.veritas-data.de\/en\/#website","url":"https:\/\/akuryprodukte.veritas-data.de\/en\/","name":"akury","description":"Produkte f\u00fcr Ihr Wohlbefinden","publisher":{"@id":"https:\/\/akuryprodukte.veritas-data.de\/en\/#organization"},"potentialAction":[{"@type":"SearchAction","target":{"@type":"EntryPoint","urlTemplate":"https:\/\/akuryprodukte.veritas-data.de\/en\/?s={search_term_string}"},"query-input":{"@type":"PropertyValueSpecification","valueRequired":true,"valueName":"search_term_string"}}],"inLanguage":"en-US"},{"@type":"Organization","@id":"https:\/\/akuryprodukte.veritas-data.de\/en\/#organization","name":"AkuRy GmbH","url":"https:\/\/akuryprodukte.veritas-data.de\/en\/","logo":{"@type":"ImageObject","inLanguage":"en-US","@id":"https:\/\/akuryprodukte.veritas-data.de\/en\/#\/schema\/logo\/image\/","url":"https:\/\/akuryprodukte.veritas-data.de\/wp-content\/uploads\/2020\/09\/Logo_AKY-p-512.jpg","contentUrl":"https:\/\/akuryprodukte.veritas-data.de\/wp-content\/uploads\/2020\/09\/Logo_AKY-p-512.jpg","width":512,"height":512,"caption":"AkuRy GmbH"},"image":{"@id":"https:\/\/akuryprodukte.veritas-data.de\/en\/#\/schema\/logo\/image\/"},"sameAs":["https:\/\/de-de.facebook.com\/bioenergetischesinformationsmanagement\/","https:\/\/x.com\/heiko_wenner","https:\/\/www.instagram.com\/akury_gmbh\/","https:\/\/www.youtube.com\/channel\/UCyItRPbJUon1m0Gq6kV2Izw"]}]}},"_links":{"self":[{"href":"https:\/\/akuryprodukte.veritas-data.de\/en\/wp-json\/wp\/v2\/pages\/4412","targetHints":{"allow":["GET"]}}],"collection":[{"href":"https:\/\/akuryprodukte.veritas-data.de\/en\/wp-json\/wp\/v2\/pages"}],"about":[{"href":"https:\/\/akuryprodukte.veritas-data.de\/en\/wp-json\/wp\/v2\/types\/page"}],"author":[{"embeddable":true,"href":"https:\/\/akuryprodukte.veritas-data.de\/en\/wp-json\/wp\/v2\/users\/1"}],"replies":[{"embeddable":true,"href":"https:\/\/akuryprodukte.veritas-data.de\/en\/wp-json\/wp\/v2\/comments?post=4412"}],"version-history":[{"count":2,"href":"https:\/\/akuryprodukte.veritas-data.de\/en\/wp-json\/wp\/v2\/pages\/4412\/revisions"}],"predecessor-version":[{"id":14645,"href":"https:\/\/akuryprodukte.veritas-data.de\/en\/wp-json\/wp\/v2\/pages\/4412\/revisions\/14645"}],"wp:attachment":[{"href":"https:\/\/akuryprodukte.veritas-data.de\/en\/wp-json\/wp\/v2\/media?parent=4412"}],"curies":[{"name":"wp","href":"https:\/\/api.w.org\/{rel}","templated":true}]}}