{"id":5629,"date":"2020-12-29T18:21:51","date_gmt":"2020-12-29T17:21:51","guid":{"rendered":"https:\/\/akuryprodukte.veritas-data.de\/k-payment-options\/"},"modified":"2021-05-26T22:40:15","modified_gmt":"2021-05-26T20:40:15","slug":"payment-options","status":"publish","type":"page","link":"https:\/\/akuryprodukte.veritas-data.de\/en\/payment-options\/","title":{"rendered":"Zahlungsweisen"},"content":{"rendered":"<h1>Payment Options<\/h1>\n<p><main class=\"template-page content av-content-full alpha units\" role=\"main\"><\/p>\n<article class=\"post-entry post-entry-type-page post-entry-4405\">\n<div class=\"entry-content-wrapper clearfix\">\n<div class=\"entry-content\">\n<div class=\"ps_document\">\n<div class=\"document-part\">\n<div class=\"section\">\n<h2>Payment Methods<\/h2>\n<p>Wir bieten Ihnen folgende Zahlungsarten an. Suchen Sie sich einfach die f\u00fcr Sie optimale Zahlart aus. Die in den jeweiligen Angeboten angef\u00fchrten Preise stellen Endpreise dar. Sie beinhalten alle Preisbestandteile einschlie\u00dflich etwaig anfallender Steuern wie Mehrwertsteuer. Nur bei grenz\u00fcberschreitender Lieferung k\u00f6nnen im Einzelfall weitere Steuern (z.B. im Falle eines innergemeinschaftlichen Erwerbs) und\/oder Abgaben (z.B. Z\u00f6lle) von Ihnen zu zahlen sein, jedoch nicht an den Verk\u00e4ufer, sondern an die dort zust\u00e4ndigen Zoll- bzw. Steuerbeh\u00f6rden. Die anfallenden Liefer- und Versandkosten sind nicht im Kaufpreis enthalten, sie sind \u00fcber die Seite \u201e<a href=\"https:\/\/akuryprodukte.veritas-data.de\/en\/k-shipping-delivery\/\">Versand<\/a>\u201c aufrufbar, werden im Laufe des Bestellvorganges gesondert ausgewiesen und sind von Ihnen zus\u00e4tzlich zu tragen.<\/p>\n<p class=\"subsection regular\"><strong><span class=\"numbering\">1.<\/span> Deutschland:<\/strong> Sie k\u00f6nnen f\u00fcr Lieferungen innerhalb Deutschlands aus den folgenden Zahlungsm\u00f6glichkeiten ausw\u00e4hlen, wenn sich aus der jeweiligen Artikelbeschreibung nichts anderes ergibt:<\/p>\n<p class=\"subsection bullets\"><span class=\"bullet\">\u2013<\/span> Vorauskasse per \u00dcberweisung (Bitte \u00fcberweisen Sie den Gesamtbetrag Ihrer Bestellung auf unser Konto.)<\/p>\n<p> Kontoinhaber: Akury GmbH<br \/>\nKontonummer: 0104 7376 60<br \/>\nBLZ: 505 92 200<br \/>\nKreditinstitut: Volksbank Dreieich eG<br \/>\nBIC: GENODE15DRE<br \/>\nIBAN: DE24 5059 2200 0104 7376 60<\/p>\n<p class=\"subsection bullets\"><span class=\"bullet\">\u2013<\/span> Paypal (Noch schneller und sicherer bezahlen mit ihrem PayPal-Konto.)<\/p>\n<p class=\"subsection bullets\"><span class=\"bullet\">\u2013<\/span> Lieferung auf Rechnung (Einfach bestellen und im Anschlu\u00df bezahlen.)<\/p>\n<p class=\"subsection regular\"><strong><span class=\"numbering\">2.<\/span> Ausland:<\/strong> F\u00fcr Lieferungen ins Ausland bieten wir folgende Zahlungsm\u00f6glichkeiten an, sofern sich aus der jeweiligen Artikelbeschreibung nichts anderes ergibt:<\/p>\n<p class=\"subsection bullets\"><span class=\"bullet\">\u2013<\/span> Vorauskasse per \u00dcberweisung (Bitte \u00fcberweisen Sie den Gesamtbetrag Ihrer Bestellung auf unser Konto.)<\/p>\n<p> Kontoinhaber: Akury GmbH<br \/>\nKontonummer: 0104 7376 60<br \/>\nBLZ: 505 92 200<br \/>\nKreditinstitut: Volksbank Dreieich eG<br \/>\nBIC: GENODE15DRE<br \/>\nIBAN: DE24 5059 2200 0104 7376 60<\/p>\n<p class=\"subsection bullets\"><span class=\"bullet\">\u2013<\/span> Paypal (Noch schneller und sicherer bezahlen mit ihrem PayPal-Konto.)<\/p>\n<p class=\"subsection bullets\"><span class=\"bullet\">\u2013<\/span> Lieferung auf Rechnung (Einfach bestellen und im Anschlu\u00df bezahlen.)<\/p>\n<\/div>\n<\/div>\n<\/div>\n<\/div>\n<\/div>\n<\/article>\n<p><\/main><\/p>\n","protected":false},"excerpt":{"rendered":"<p>Payment Options Payment Methods Wir bieten Ihnen folgende Zahlungsarten an. Suchen Sie sich einfach die f\u00fcr Sie optimale Zahlart aus. Die in den jeweiligen Angeboten angef\u00fchrten Preise stellen Endpreise dar. Sie beinhalten alle Preisbestandteile einschlie\u00dflich etwaig anfallender Steuern wie Mehrwertsteuer. Nur bei grenz\u00fcberschreitender Lieferung k\u00f6nnen im Einzelfall weitere Steuern (z.B. im Falle eines innergemeinschaftlichen Erwerbs) [&hellip;]<\/p>\n","protected":false},"author":1,"featured_media":0,"parent":0,"menu_order":0,"comment_status":"closed","ping_status":"closed","template":"","meta":{"footnotes":""},"class_list":["post-5629","page","type-page","status-publish","hentry"],"yoast_head":"<!-- This site is optimized with the Yoast SEO plugin v27.3 - https:\/\/yoast.com\/product\/yoast-seo-wordpress\/ -->\r\n<title>Zahlungsweisen - akury<\/title>\r\n<meta name=\"robots\" content=\"noindex, follow, max-snippet:-1, max-image-preview:large, max-video-preview:-1\" \/>\r\n<meta property=\"og:locale\" content=\"en_US\" \/>\r\n<meta property=\"og:type\" content=\"article\" \/>\r\n<meta property=\"og:title\" content=\"Zahlungsweisen - akury\" \/>\r\n<meta property=\"og:description\" content=\"Payment Options Payment Methods Wir bieten Ihnen folgende Zahlungsarten an. Suchen Sie sich einfach die f\u00fcr Sie optimale Zahlart aus. Die in den jeweiligen Angeboten angef\u00fchrten Preise stellen Endpreise dar. Sie beinhalten alle Preisbestandteile einschlie\u00dflich etwaig anfallender Steuern wie Mehrwertsteuer. Nur bei grenz\u00fcberschreitender Lieferung k\u00f6nnen im Einzelfall weitere Steuern (z.B. im Falle eines innergemeinschaftlichen Erwerbs) [&hellip;]\" \/>\r\n<meta property=\"og:url\" content=\"https:\/\/akuryprodukte.veritas-data.de\/en\/payment-options\/\" \/>\r\n<meta property=\"og:site_name\" content=\"akury\" \/>\r\n<meta property=\"article:publisher\" content=\"https:\/\/de-de.facebook.com\/bioenergetischesinformationsmanagement\/\" \/>\r\n<meta property=\"article:modified_time\" content=\"2021-05-26T20:40:15+00:00\" \/>\r\n<meta name=\"twitter:card\" content=\"summary_large_image\" \/>\r\n<meta name=\"twitter:site\" content=\"@heiko_wenner\" \/>\r\n<meta name=\"twitter:label1\" content=\"Est. reading time\" \/>\n\t<meta name=\"twitter:data1\" content=\"1 minute\" \/>\r\n<script type=\"application\/ld+json\" class=\"yoast-schema-graph\">{\"@context\":\"https:\\\/\\\/schema.org\",\"@graph\":[{\"@type\":\"WebPage\",\"@id\":\"https:\\\/\\\/akuryprodukte.veritas-data.de\\\/en\\\/payment-options\\\/\",\"url\":\"https:\\\/\\\/akuryprodukte.veritas-data.de\\\/en\\\/payment-options\\\/\",\"name\":\"Zahlungsweisen - akury\",\"isPartOf\":{\"@id\":\"https:\\\/\\\/akuryprodukte.veritas-data.de\\\/en\\\/#website\"},\"datePublished\":\"2020-12-29T17:21:51+00:00\",\"dateModified\":\"2021-05-26T20:40:15+00:00\",\"breadcrumb\":{\"@id\":\"https:\\\/\\\/akuryprodukte.veritas-data.de\\\/en\\\/payment-options\\\/#breadcrumb\"},\"inLanguage\":\"en-US\",\"potentialAction\":[{\"@type\":\"ReadAction\",\"target\":[\"https:\\\/\\\/akuryprodukte.veritas-data.de\\\/en\\\/payment-options\\\/\"]}]},{\"@type\":\"BreadcrumbList\",\"@id\":\"https:\\\/\\\/akuryprodukte.veritas-data.de\\\/en\\\/payment-options\\\/#breadcrumb\",\"itemListElement\":[{\"@type\":\"ListItem\",\"position\":1,\"name\":\"Startseite\",\"item\":\"https:\\\/\\\/akuryprodukte.veritas-data.de\\\/en\\\/\"},{\"@type\":\"ListItem\",\"position\":2,\"name\":\"Zahlungsweisen\"}]},{\"@type\":\"WebSite\",\"@id\":\"https:\\\/\\\/akuryprodukte.veritas-data.de\\\/en\\\/#website\",\"url\":\"https:\\\/\\\/akuryprodukte.veritas-data.de\\\/en\\\/\",\"name\":\"akury\",\"description\":\"Produkte f\u00fcr Ihr Wohlbefinden\",\"publisher\":{\"@id\":\"https:\\\/\\\/akuryprodukte.veritas-data.de\\\/en\\\/#organization\"},\"potentialAction\":[{\"@type\":\"SearchAction\",\"target\":{\"@type\":\"EntryPoint\",\"urlTemplate\":\"https:\\\/\\\/akuryprodukte.veritas-data.de\\\/en\\\/?s={search_term_string}\"},\"query-input\":{\"@type\":\"PropertyValueSpecification\",\"valueRequired\":true,\"valueName\":\"search_term_string\"}}],\"inLanguage\":\"en-US\"},{\"@type\":\"Organization\",\"@id\":\"https:\\\/\\\/akuryprodukte.veritas-data.de\\\/en\\\/#organization\",\"name\":\"AkuRy GmbH\",\"url\":\"https:\\\/\\\/akuryprodukte.veritas-data.de\\\/en\\\/\",\"logo\":{\"@type\":\"ImageObject\",\"inLanguage\":\"en-US\",\"@id\":\"https:\\\/\\\/akuryprodukte.veritas-data.de\\\/en\\\/#\\\/schema\\\/logo\\\/image\\\/\",\"url\":\"https:\\\/\\\/akuryprodukte.veritas-data.de\\\/wp-content\\\/uploads\\\/2020\\\/09\\\/Logo_AKY-p-512.jpg\",\"contentUrl\":\"https:\\\/\\\/akuryprodukte.veritas-data.de\\\/wp-content\\\/uploads\\\/2020\\\/09\\\/Logo_AKY-p-512.jpg\",\"width\":512,\"height\":512,\"caption\":\"AkuRy GmbH\"},\"image\":{\"@id\":\"https:\\\/\\\/akuryprodukte.veritas-data.de\\\/en\\\/#\\\/schema\\\/logo\\\/image\\\/\"},\"sameAs\":[\"https:\\\/\\\/de-de.facebook.com\\\/bioenergetischesinformationsmanagement\\\/\",\"https:\\\/\\\/x.com\\\/heiko_wenner\",\"https:\\\/\\\/www.instagram.com\\\/akury_gmbh\\\/\",\"https:\\\/\\\/www.youtube.com\\\/channel\\\/UCyItRPbJUon1m0Gq6kV2Izw\"]}]}<\/script>\r\n<!-- \/ Yoast SEO plugin. -->","yoast_head_json":{"title":"Zahlungsweisen - akury","robots":{"index":"noindex","follow":"follow","max-snippet":"max-snippet:-1","max-image-preview":"max-image-preview:large","max-video-preview":"max-video-preview:-1"},"og_locale":"en_US","og_type":"article","og_title":"Zahlungsweisen - akury","og_description":"Payment Options Payment Methods Wir bieten Ihnen folgende Zahlungsarten an. Suchen Sie sich einfach die f\u00fcr Sie optimale Zahlart aus. Die in den jeweiligen Angeboten angef\u00fchrten Preise stellen Endpreise dar. Sie beinhalten alle Preisbestandteile einschlie\u00dflich etwaig anfallender Steuern wie Mehrwertsteuer. Nur bei grenz\u00fcberschreitender Lieferung k\u00f6nnen im Einzelfall weitere Steuern (z.B. im Falle eines innergemeinschaftlichen Erwerbs) [&hellip;]","og_url":"https:\/\/akuryprodukte.veritas-data.de\/en\/payment-options\/","og_site_name":"akury","article_publisher":"https:\/\/de-de.facebook.com\/bioenergetischesinformationsmanagement\/","article_modified_time":"2021-05-26T20:40:15+00:00","twitter_card":"summary_large_image","twitter_site":"@heiko_wenner","twitter_misc":{"Est. reading time":"1 minute"},"schema":{"@context":"https:\/\/schema.org","@graph":[{"@type":"WebPage","@id":"https:\/\/akuryprodukte.veritas-data.de\/en\/payment-options\/","url":"https:\/\/akuryprodukte.veritas-data.de\/en\/payment-options\/","name":"Zahlungsweisen - akury","isPartOf":{"@id":"https:\/\/akuryprodukte.veritas-data.de\/en\/#website"},"datePublished":"2020-12-29T17:21:51+00:00","dateModified":"2021-05-26T20:40:15+00:00","breadcrumb":{"@id":"https:\/\/akuryprodukte.veritas-data.de\/en\/payment-options\/#breadcrumb"},"inLanguage":"en-US","potentialAction":[{"@type":"ReadAction","target":["https:\/\/akuryprodukte.veritas-data.de\/en\/payment-options\/"]}]},{"@type":"BreadcrumbList","@id":"https:\/\/akuryprodukte.veritas-data.de\/en\/payment-options\/#breadcrumb","itemListElement":[{"@type":"ListItem","position":1,"name":"Startseite","item":"https:\/\/akuryprodukte.veritas-data.de\/en\/"},{"@type":"ListItem","position":2,"name":"Zahlungsweisen"}]},{"@type":"WebSite","@id":"https:\/\/akuryprodukte.veritas-data.de\/en\/#website","url":"https:\/\/akuryprodukte.veritas-data.de\/en\/","name":"akury","description":"Produkte f\u00fcr Ihr Wohlbefinden","publisher":{"@id":"https:\/\/akuryprodukte.veritas-data.de\/en\/#organization"},"potentialAction":[{"@type":"SearchAction","target":{"@type":"EntryPoint","urlTemplate":"https:\/\/akuryprodukte.veritas-data.de\/en\/?s={search_term_string}"},"query-input":{"@type":"PropertyValueSpecification","valueRequired":true,"valueName":"search_term_string"}}],"inLanguage":"en-US"},{"@type":"Organization","@id":"https:\/\/akuryprodukte.veritas-data.de\/en\/#organization","name":"AkuRy GmbH","url":"https:\/\/akuryprodukte.veritas-data.de\/en\/","logo":{"@type":"ImageObject","inLanguage":"en-US","@id":"https:\/\/akuryprodukte.veritas-data.de\/en\/#\/schema\/logo\/image\/","url":"https:\/\/akuryprodukte.veritas-data.de\/wp-content\/uploads\/2020\/09\/Logo_AKY-p-512.jpg","contentUrl":"https:\/\/akuryprodukte.veritas-data.de\/wp-content\/uploads\/2020\/09\/Logo_AKY-p-512.jpg","width":512,"height":512,"caption":"AkuRy GmbH"},"image":{"@id":"https:\/\/akuryprodukte.veritas-data.de\/en\/#\/schema\/logo\/image\/"},"sameAs":["https:\/\/de-de.facebook.com\/bioenergetischesinformationsmanagement\/","https:\/\/x.com\/heiko_wenner","https:\/\/www.instagram.com\/akury_gmbh\/","https:\/\/www.youtube.com\/channel\/UCyItRPbJUon1m0Gq6kV2Izw"]}]}},"_links":{"self":[{"href":"https:\/\/akuryprodukte.veritas-data.de\/en\/wp-json\/wp\/v2\/pages\/5629","targetHints":{"allow":["GET"]}}],"collection":[{"href":"https:\/\/akuryprodukte.veritas-data.de\/en\/wp-json\/wp\/v2\/pages"}],"about":[{"href":"https:\/\/akuryprodukte.veritas-data.de\/en\/wp-json\/wp\/v2\/types\/page"}],"author":[{"embeddable":true,"href":"https:\/\/akuryprodukte.veritas-data.de\/en\/wp-json\/wp\/v2\/users\/1"}],"replies":[{"embeddable":true,"href":"https:\/\/akuryprodukte.veritas-data.de\/en\/wp-json\/wp\/v2\/comments?post=5629"}],"version-history":[{"count":2,"href":"https:\/\/akuryprodukte.veritas-data.de\/en\/wp-json\/wp\/v2\/pages\/5629\/revisions"}],"predecessor-version":[{"id":7466,"href":"https:\/\/akuryprodukte.veritas-data.de\/en\/wp-json\/wp\/v2\/pages\/5629\/revisions\/7466"}],"wp:attachment":[{"href":"https:\/\/akuryprodukte.veritas-data.de\/en\/wp-json\/wp\/v2\/media?parent=5629"}],"curies":[{"name":"wp","href":"https:\/\/api.w.org\/{rel}","templated":true}]}}