{"id":18583,"date":"2023-09-27T10:07:36","date_gmt":"2023-09-27T08:07:36","guid":{"rendered":"https:\/\/akuryprodukte.veritas-data.de\/?post_type=product&#038;p=18583"},"modified":"2023-09-27T12:17:00","modified_gmt":"2023-09-27T10:17:00","slug":"kopfschmerz-und-migraene-tape-mig-tape","status":"publish","type":"product","link":"https:\/\/akuryprodukte.veritas-data.de\/en\/shop\/kopfschmerz-und-migraene-tape-mig-tape\/","title":{"rendered":"Kopfschmerz und Migr\u00e4ne Tape (MIG-Tape)"},"content":{"rendered":"<p>Das Tape soll dazu beitragen, die Verspannungen im Hals-Nacken-Bereich, Kopfschmerzen und Migr\u00e4ne zu l\u00f6sen. \u00a0<strong>Dieses Tape wirkt am besten, wenn Sie es in den Nacken (Haaransatz) kleben.<\/strong><\/p>\n<p><strong>Anwendung<\/strong><br \/>\nDas Tape nicht auf die Wunde sondern in der N\u00e4he der Wunde auf die intakte Haut aufkleben, in dem die wei\u00dfe mit \u201ePino\u201c gekennzeichnete Folie abgezogen wird. Das Tape hat eine starke Haftkraft und kann auch beim Duschen getragen werden. Je nach Klebepunkt kann es bis zu 4 Tagen haften. Danach verliert es seine Wirkkraft.<\/p>\n<p><strong>Hinweis<\/strong><br \/>\nDas Tape bitte nicht direkt auf Wunden, Verbrennungen, Schleimh\u00e4uten sowie Mund, Nase oder Augen kleben. Bei der Anwendung des Tapes kann es in seltenen F\u00e4llen zu Hautreizungen oder allergischen Reaktionen kommen. Beim Auftreten von unerw\u00fcnschten Wirkungen ist die Behandlung sofort zu beenden und das Tape von der Haut zu entfernen. Bei bestehender \u00dcberempfindlichkeit gegen Pflaster oder Tapeverb\u00e4nde sollte das Tape zun\u00e4chst an einer kleineren Hautstelle getestet werden. Dabei ist zu bedenken, dass es nicht nur zu allergischen Sofortreaktionen, sondern auch zu Sp\u00e4ttyp-Reaktionen (nach ca. 24-48 Stunden) kommen kann.<\/p>\n<p><strong>Pflaster<\/strong><br \/>\nWir haben das Tape von \u201ePino\u201c gew\u00e4hlt und es mit dem Einverst\u00e4ndnis der Firma veredelt. Das Pino-Tape bietet f\u00fcr unsere Anwendungsbereiche optimal Voraussetzungen.<\/p>\n<p>Laut der Produktbeschreibung der Firma \u201ePino\u201c ist das Tape:<\/p>\n<ul>\n<li>universell einsetzbar<\/li>\n<li>h\u00e4lt allen sportlichen Aktivit\u00e4ten stand<\/li>\n<li>mit extrastarker Klebekraft f\u00fcr hohe Beanspruchung<\/li>\n<li>revolution\u00e4res Tr\u00e4germaterial aus leichtem Rayon<\/li>\n<li>besonders wasserabweisend und schnell trocknend<\/li>\n<li>ideal geeignet auch f\u00fcr stark schwitzende Patienten<\/li>\n<li>sehr gute Hautvertr\u00e4glichkeit<\/li>\n<li>besonders lange Tragedauer<\/li>\n<li>latexfrei<\/li>\n<li>Medizinprodukt<\/li>\n<\/ul>\n<p>&nbsp;<\/p>\n","protected":false},"excerpt":{"rendered":"<p>Das Tape soll dazu beitragen, die Verspannungen im Hals-Nacken-Bereich, Kopfschmerzen und Migr\u00e4ne zu l\u00f6sen. \u00a0Dieses Tape wirkt am besten, wenn Sie es in den Nacken (Haaransatz) kleben. Anwendung Das Tape nicht auf die Wunde sondern in der N\u00e4he der Wunde auf die intakte Haut aufkleben, in dem die wei\u00dfe mit \u201ePino\u201c gekennzeichnete Folie abgezogen wird. [&hellip;]<\/p>\n","protected":false},"featured_media":18591,"comment_status":"open","ping_status":"closed","template":"","meta":[],"product_brand":[],"product_cat":[3003,3001,3005,36],"product_tag":[],"class_list":{"0":"post-18583","1":"product","2":"type-product","3":"status-publish","4":"has-post-thumbnail","6":"product_cat-info-chips-gehirn","7":"product_cat-info-chips-nerven-hormone-neurotransmitter","8":"product_cat-info-chips-schmerzen","9":"product_cat-tapes","11":"first","12":"instock","13":"taxable","14":"shipping-taxable","15":"purchasable","16":"product-type-simple"},"yoast_head":"<!-- This site is optimized with the Yoast SEO plugin v27.3 - https:\/\/yoast.com\/product\/yoast-seo-wordpress\/ -->\r\n<title>Kopfschmerz und Migr\u00e4ne Tape (MIG-Tape) - akury<\/title>\r\n<meta name=\"robots\" content=\"noindex, follow, max-snippet:-1, max-image-preview:large, max-video-preview:-1\" \/>\r\n<meta property=\"og:locale\" content=\"en_US\" \/>\r\n<meta property=\"og:type\" content=\"article\" \/>\r\n<meta property=\"og:title\" content=\"Kopfschmerz und Migr\u00e4ne Tape (MIG-Tape) - akury\" \/>\r\n<meta property=\"og:description\" content=\"Das Tape soll dazu beitragen, die Verspannungen im Hals-Nacken-Bereich, Kopfschmerzen und Migr\u00e4ne zu l\u00f6sen. \u00a0Dieses Tape wirkt am besten, wenn Sie es in den Nacken (Haaransatz) kleben. Anwendung Das Tape nicht auf die Wunde sondern in der N\u00e4he der Wunde auf die intakte Haut aufkleben, in dem die wei\u00dfe mit \u201ePino\u201c gekennzeichnete Folie abgezogen wird. [&hellip;]\" \/>\r\n<meta property=\"og:url\" content=\"https:\/\/akuryprodukte.veritas-data.de\/en\/shop\/kopfschmerz-und-migraene-tape-mig-tape\/\" \/>\r\n<meta property=\"og:site_name\" content=\"akury\" \/>\r\n<meta property=\"article:publisher\" content=\"https:\/\/de-de.facebook.com\/bioenergetischesinformationsmanagement\/\" \/>\r\n<meta property=\"article:modified_time\" content=\"2023-09-27T10:17:00+00:00\" \/>\r\n<meta property=\"og:image\" content=\"https:\/\/akuryprodukte.veritas-data.de\/wp-content\/uploads\/2023\/09\/20230927_120342.png\" \/>\r\n\t<meta property=\"og:image:width\" content=\"951\" \/>\r\n\t<meta property=\"og:image:height\" content=\"750\" \/>\r\n\t<meta property=\"og:image:type\" content=\"image\/png\" \/>\r\n<meta name=\"twitter:card\" content=\"summary_large_image\" \/>\r\n<meta name=\"twitter:site\" content=\"@heiko_wenner\" \/>\r\n<meta name=\"twitter:label1\" content=\"Est. reading time\" \/>\n\t<meta name=\"twitter:data1\" content=\"2 minutes\" \/>\r\n<script type=\"application\/ld+json\" class=\"yoast-schema-graph\">{\"@context\":\"https:\\\/\\\/schema.org\",\"@graph\":[{\"@type\":\"WebPage\",\"@id\":\"https:\\\/\\\/akuryprodukte.veritas-data.de\\\/en\\\/shop\\\/kopfschmerz-und-migraene-tape-mig-tape\\\/\",\"url\":\"https:\\\/\\\/akuryprodukte.veritas-data.de\\\/en\\\/shop\\\/kopfschmerz-und-migraene-tape-mig-tape\\\/\",\"name\":\"Kopfschmerz und Migr\u00e4ne Tape (MIG-Tape) - akury\",\"isPartOf\":{\"@id\":\"https:\\\/\\\/akuryprodukte.veritas-data.de\\\/en\\\/#website\"},\"primaryImageOfPage\":{\"@id\":\"https:\\\/\\\/akuryprodukte.veritas-data.de\\\/en\\\/shop\\\/kopfschmerz-und-migraene-tape-mig-tape\\\/#primaryimage\"},\"image\":{\"@id\":\"https:\\\/\\\/akuryprodukte.veritas-data.de\\\/en\\\/shop\\\/kopfschmerz-und-migraene-tape-mig-tape\\\/#primaryimage\"},\"thumbnailUrl\":\"https:\\\/\\\/akuryprodukte.veritas-data.de\\\/wp-content\\\/uploads\\\/2023\\\/09\\\/20230927_120342.png\",\"datePublished\":\"2023-09-27T08:07:36+00:00\",\"dateModified\":\"2023-09-27T10:17:00+00:00\",\"breadcrumb\":{\"@id\":\"https:\\\/\\\/akuryprodukte.veritas-data.de\\\/en\\\/shop\\\/kopfschmerz-und-migraene-tape-mig-tape\\\/#breadcrumb\"},\"inLanguage\":\"en-US\",\"potentialAction\":[{\"@type\":\"ReadAction\",\"target\":[\"https:\\\/\\\/akuryprodukte.veritas-data.de\\\/en\\\/shop\\\/kopfschmerz-und-migraene-tape-mig-tape\\\/\"]}]},{\"@type\":\"ImageObject\",\"inLanguage\":\"en-US\",\"@id\":\"https:\\\/\\\/akuryprodukte.veritas-data.de\\\/en\\\/shop\\\/kopfschmerz-und-migraene-tape-mig-tape\\\/#primaryimage\",\"url\":\"https:\\\/\\\/akuryprodukte.veritas-data.de\\\/wp-content\\\/uploads\\\/2023\\\/09\\\/20230927_120342.png\",\"contentUrl\":\"https:\\\/\\\/akuryprodukte.veritas-data.de\\\/wp-content\\\/uploads\\\/2023\\\/09\\\/20230927_120342.png\",\"width\":951,\"height\":750},{\"@type\":\"BreadcrumbList\",\"@id\":\"https:\\\/\\\/akuryprodukte.veritas-data.de\\\/en\\\/shop\\\/kopfschmerz-und-migraene-tape-mig-tape\\\/#breadcrumb\",\"itemListElement\":[{\"@type\":\"ListItem\",\"position\":1,\"name\":\"Startseite\",\"item\":\"https:\\\/\\\/akuryprodukte.veritas-data.de\\\/en\\\/\"},{\"@type\":\"ListItem\",\"position\":2,\"name\":\"Shop\",\"item\":\"https:\\\/\\\/akuryprodukte.veritas-data.de\\\/shop\\\/\"},{\"@type\":\"ListItem\",\"position\":3,\"name\":\"Kopfschmerz und Migr\u00e4ne Tape (MIG-Tape)\"}]},{\"@type\":\"WebSite\",\"@id\":\"https:\\\/\\\/akuryprodukte.veritas-data.de\\\/en\\\/#website\",\"url\":\"https:\\\/\\\/akuryprodukte.veritas-data.de\\\/en\\\/\",\"name\":\"akury\",\"description\":\"Produkte f\u00fcr Ihr Wohlbefinden\",\"publisher\":{\"@id\":\"https:\\\/\\\/akuryprodukte.veritas-data.de\\\/en\\\/#organization\"},\"potentialAction\":[{\"@type\":\"SearchAction\",\"target\":{\"@type\":\"EntryPoint\",\"urlTemplate\":\"https:\\\/\\\/akuryprodukte.veritas-data.de\\\/en\\\/?s={search_term_string}\"},\"query-input\":{\"@type\":\"PropertyValueSpecification\",\"valueRequired\":true,\"valueName\":\"search_term_string\"}}],\"inLanguage\":\"en-US\"},{\"@type\":\"Organization\",\"@id\":\"https:\\\/\\\/akuryprodukte.veritas-data.de\\\/en\\\/#organization\",\"name\":\"AkuRy GmbH\",\"url\":\"https:\\\/\\\/akuryprodukte.veritas-data.de\\\/en\\\/\",\"logo\":{\"@type\":\"ImageObject\",\"inLanguage\":\"en-US\",\"@id\":\"https:\\\/\\\/akuryprodukte.veritas-data.de\\\/en\\\/#\\\/schema\\\/logo\\\/image\\\/\",\"url\":\"https:\\\/\\\/akuryprodukte.veritas-data.de\\\/wp-content\\\/uploads\\\/2020\\\/09\\\/Logo_AKY-p-512.jpg\",\"contentUrl\":\"https:\\\/\\\/akuryprodukte.veritas-data.de\\\/wp-content\\\/uploads\\\/2020\\\/09\\\/Logo_AKY-p-512.jpg\",\"width\":512,\"height\":512,\"caption\":\"AkuRy GmbH\"},\"image\":{\"@id\":\"https:\\\/\\\/akuryprodukte.veritas-data.de\\\/en\\\/#\\\/schema\\\/logo\\\/image\\\/\"},\"sameAs\":[\"https:\\\/\\\/de-de.facebook.com\\\/bioenergetischesinformationsmanagement\\\/\",\"https:\\\/\\\/x.com\\\/heiko_wenner\",\"https:\\\/\\\/www.instagram.com\\\/akury_gmbh\\\/\",\"https:\\\/\\\/www.youtube.com\\\/channel\\\/UCyItRPbJUon1m0Gq6kV2Izw\"]}]}<\/script>\r\n<!-- \/ Yoast SEO plugin. -->","yoast_head_json":{"title":"Kopfschmerz und Migr\u00e4ne Tape (MIG-Tape) - akury","robots":{"index":"noindex","follow":"follow","max-snippet":"max-snippet:-1","max-image-preview":"max-image-preview:large","max-video-preview":"max-video-preview:-1"},"og_locale":"en_US","og_type":"article","og_title":"Kopfschmerz und Migr\u00e4ne Tape (MIG-Tape) - akury","og_description":"Das Tape soll dazu beitragen, die Verspannungen im Hals-Nacken-Bereich, Kopfschmerzen und Migr\u00e4ne zu l\u00f6sen. \u00a0Dieses Tape wirkt am besten, wenn Sie es in den Nacken (Haaransatz) kleben. Anwendung Das Tape nicht auf die Wunde sondern in der N\u00e4he der Wunde auf die intakte Haut aufkleben, in dem die wei\u00dfe mit \u201ePino\u201c gekennzeichnete Folie abgezogen wird. [&hellip;]","og_url":"https:\/\/akuryprodukte.veritas-data.de\/en\/shop\/kopfschmerz-und-migraene-tape-mig-tape\/","og_site_name":"akury","article_publisher":"https:\/\/de-de.facebook.com\/bioenergetischesinformationsmanagement\/","article_modified_time":"2023-09-27T10:17:00+00:00","og_image":[{"width":951,"height":750,"url":"https:\/\/akuryprodukte.veritas-data.de\/wp-content\/uploads\/2023\/09\/20230927_120342.png","type":"image\/png"}],"twitter_card":"summary_large_image","twitter_site":"@heiko_wenner","twitter_misc":{"Est. reading time":"2 minutes"},"schema":{"@context":"https:\/\/schema.org","@graph":[{"@type":"WebPage","@id":"https:\/\/akuryprodukte.veritas-data.de\/en\/shop\/kopfschmerz-und-migraene-tape-mig-tape\/","url":"https:\/\/akuryprodukte.veritas-data.de\/en\/shop\/kopfschmerz-und-migraene-tape-mig-tape\/","name":"Kopfschmerz und Migr\u00e4ne Tape (MIG-Tape) - akury","isPartOf":{"@id":"https:\/\/akuryprodukte.veritas-data.de\/en\/#website"},"primaryImageOfPage":{"@id":"https:\/\/akuryprodukte.veritas-data.de\/en\/shop\/kopfschmerz-und-migraene-tape-mig-tape\/#primaryimage"},"image":{"@id":"https:\/\/akuryprodukte.veritas-data.de\/en\/shop\/kopfschmerz-und-migraene-tape-mig-tape\/#primaryimage"},"thumbnailUrl":"https:\/\/akuryprodukte.veritas-data.de\/wp-content\/uploads\/2023\/09\/20230927_120342.png","datePublished":"2023-09-27T08:07:36+00:00","dateModified":"2023-09-27T10:17:00+00:00","breadcrumb":{"@id":"https:\/\/akuryprodukte.veritas-data.de\/en\/shop\/kopfschmerz-und-migraene-tape-mig-tape\/#breadcrumb"},"inLanguage":"en-US","potentialAction":[{"@type":"ReadAction","target":["https:\/\/akuryprodukte.veritas-data.de\/en\/shop\/kopfschmerz-und-migraene-tape-mig-tape\/"]}]},{"@type":"ImageObject","inLanguage":"en-US","@id":"https:\/\/akuryprodukte.veritas-data.de\/en\/shop\/kopfschmerz-und-migraene-tape-mig-tape\/#primaryimage","url":"https:\/\/akuryprodukte.veritas-data.de\/wp-content\/uploads\/2023\/09\/20230927_120342.png","contentUrl":"https:\/\/akuryprodukte.veritas-data.de\/wp-content\/uploads\/2023\/09\/20230927_120342.png","width":951,"height":750},{"@type":"BreadcrumbList","@id":"https:\/\/akuryprodukte.veritas-data.de\/en\/shop\/kopfschmerz-und-migraene-tape-mig-tape\/#breadcrumb","itemListElement":[{"@type":"ListItem","position":1,"name":"Startseite","item":"https:\/\/akuryprodukte.veritas-data.de\/en\/"},{"@type":"ListItem","position":2,"name":"Shop","item":"https:\/\/akuryprodukte.veritas-data.de\/shop\/"},{"@type":"ListItem","position":3,"name":"Kopfschmerz und Migr\u00e4ne Tape (MIG-Tape)"}]},{"@type":"WebSite","@id":"https:\/\/akuryprodukte.veritas-data.de\/en\/#website","url":"https:\/\/akuryprodukte.veritas-data.de\/en\/","name":"akury","description":"Produkte f\u00fcr Ihr Wohlbefinden","publisher":{"@id":"https:\/\/akuryprodukte.veritas-data.de\/en\/#organization"},"potentialAction":[{"@type":"SearchAction","target":{"@type":"EntryPoint","urlTemplate":"https:\/\/akuryprodukte.veritas-data.de\/en\/?s={search_term_string}"},"query-input":{"@type":"PropertyValueSpecification","valueRequired":true,"valueName":"search_term_string"}}],"inLanguage":"en-US"},{"@type":"Organization","@id":"https:\/\/akuryprodukte.veritas-data.de\/en\/#organization","name":"AkuRy GmbH","url":"https:\/\/akuryprodukte.veritas-data.de\/en\/","logo":{"@type":"ImageObject","inLanguage":"en-US","@id":"https:\/\/akuryprodukte.veritas-data.de\/en\/#\/schema\/logo\/image\/","url":"https:\/\/akuryprodukte.veritas-data.de\/wp-content\/uploads\/2020\/09\/Logo_AKY-p-512.jpg","contentUrl":"https:\/\/akuryprodukte.veritas-data.de\/wp-content\/uploads\/2020\/09\/Logo_AKY-p-512.jpg","width":512,"height":512,"caption":"AkuRy GmbH"},"image":{"@id":"https:\/\/akuryprodukte.veritas-data.de\/en\/#\/schema\/logo\/image\/"},"sameAs":["https:\/\/de-de.facebook.com\/bioenergetischesinformationsmanagement\/","https:\/\/x.com\/heiko_wenner","https:\/\/www.instagram.com\/akury_gmbh\/","https:\/\/www.youtube.com\/channel\/UCyItRPbJUon1m0Gq6kV2Izw"]}]}},"_links":{"self":[{"href":"https:\/\/akuryprodukte.veritas-data.de\/en\/wp-json\/wp\/v2\/product\/18583","targetHints":{"allow":["GET"]}}],"collection":[{"href":"https:\/\/akuryprodukte.veritas-data.de\/en\/wp-json\/wp\/v2\/product"}],"about":[{"href":"https:\/\/akuryprodukte.veritas-data.de\/en\/wp-json\/wp\/v2\/types\/product"}],"replies":[{"embeddable":true,"href":"https:\/\/akuryprodukte.veritas-data.de\/en\/wp-json\/wp\/v2\/comments?post=18583"}],"wp:featuredmedia":[{"embeddable":true,"href":"https:\/\/akuryprodukte.veritas-data.de\/en\/wp-json\/wp\/v2\/media\/18591"}],"wp:attachment":[{"href":"https:\/\/akuryprodukte.veritas-data.de\/en\/wp-json\/wp\/v2\/media?parent=18583"}],"wp:term":[{"taxonomy":"product_brand","embeddable":true,"href":"https:\/\/akuryprodukte.veritas-data.de\/en\/wp-json\/wp\/v2\/product_brand?post=18583"},{"taxonomy":"product_cat","embeddable":true,"href":"https:\/\/akuryprodukte.veritas-data.de\/en\/wp-json\/wp\/v2\/product_cat?post=18583"},{"taxonomy":"product_tag","embeddable":true,"href":"https:\/\/akuryprodukte.veritas-data.de\/en\/wp-json\/wp\/v2\/product_tag?post=18583"}],"curies":[{"name":"wp","href":"https:\/\/api.w.org\/{rel}","templated":true}]}}